{"id":1835,"date":"2026-04-01T18:34:04","date_gmt":"2026-04-01T16:34:04","guid":{"rendered":"https:\/\/christiesrealestate-barcelona.es\/equip\/"},"modified":"2026-05-07T09:08:21","modified_gmt":"2026-05-07T07:08:21","slug":"equip","status":"publish","type":"page","link":"https:\/\/christiesrealestate-barcelona.es\/ca\/equip\/","title":{"rendered":"Equip"},"content":{"rendered":"\t\t<div data-elementor-type=\"wp-page\" data-elementor-id=\"1835\" class=\"elementor elementor-1835 elementor-614\" data-elementor-post-type=\"page\">\n\t\t\t\t<div class=\"elementor-element elementor-element-8d7fa76 e-con-full e-flex e-con e-parent\" data-id=\"8d7fa76\" data-element_type=\"container\" data-e-type=\"container\" data-settings=\"{&quot;background_background&quot;:&quot;classic&quot;}\">\n\t\t<div class=\"elementor-element elementor-element-a9095eb e-flex e-con-boxed e-con e-child\" data-id=\"a9095eb\" data-element_type=\"container\" data-e-type=\"container\">\n\t\t\t\t\t<div class=\"e-con-inner\">\n\t\t\t\t\t\t\t\t<p class=\"e-330b5a2-6f6bac1 shadowText e-paragraph-base\" data-interaction-id=\"330b5a2\"  data-e-type=\"widget\" data-id=\"330b5a2\">\n\t\t\t\t\t\t\t\tCHRISTIE'S INTERNATIONAL REAL ESTATE\n\t\t\t\t\t<\/p>\n\t\t\t\t\t\t\t\t<p class=\"e-1988f31-8e9f614 shadowText e-paragraph-base\" data-interaction-id=\"1988f31\"  data-e-type=\"widget\" data-id=\"1988f31\">\n\t\t\t\t\t\t\t\tEquip de professionals&nbsp;\n\t\t\t\t\t<\/p>\n\t\t\t\t\t<\/div>\n\t\t\t\t<\/div>\n\t\t\t\t<\/div>\n\t\t<div class=\"elementor-element elementor-element-916c1ae e-con-full e-flex e-con e-parent\" data-id=\"916c1ae\" data-element_type=\"container\" data-e-type=\"container\" data-settings=\"{&quot;background_background&quot;:&quot;classic&quot;}\">\n\t\t<div class=\"elementor-element elementor-element-6c9e817 e-flex e-con-boxed e-con e-child\" data-id=\"6c9e817\" data-element_type=\"container\" data-e-type=\"container\" data-settings=\"{&quot;background_background&quot;:&quot;classic&quot;}\">\n\t\t\t\t\t<div class=\"e-con-inner\">\n\t\t\t\t\t\t\t<h2 \n\t\tdata-interaction-id=\"582ca19\" \n\t\tclass=\"e-582ca19-40eaad4 e-heading-base\" \n\t\t \n\t\tdata-e-type=\"widget\" data-id=\"582ca19\"\n\t>\n\t\n\t\t\tChristie\u2019s International Real Estate\n\t\t<\/h2>\n\t\t\t\t\t\t\t<h2 \n\t\tdata-interaction-id=\"e1c927f\" \n\t\tclass=\"e-e1c927f-e9e8f86 e-heading-base\" \n\t\t \n\t\tdata-e-type=\"widget\" data-id=\"e1c927f\"\n\t>\n\t\n\t\t\tEL NOSTRE EQUIP\n\t\t<\/h2>\n\t\t\t\t\t\t\t\t<p class=\"e-c3a36c8-4a46405 e-paragraph-base\" data-interaction-id=\"c3a36c8\"  data-e-type=\"widget\" data-id=\"c3a36c8\">\n\t\t\t\t\t\t\t\tA Christie's International Real Estate Madrid entenem que el luxe no es limita \u00fanicament a les propietats que gestionem, sin\u00f3 que tamb\u00e9 resideix en la qualitat del servei que oferim. La nostra dedicaci\u00f3 comen\u00e7a des de dins, cuidant meticulosament del nostre equip de professionals. Tots els nostres agents comercials formen part de la nostra plantilla, cosa que ens permet crear un equip s\u00f2lid i comprom\u00e8s.  <br><br>Aquesta filosofia no nom\u00e9s ens ajuda a garantir un ambient de treball col\u00b7laboratiu i motivador, sin\u00f3 que tamb\u00e9 es tradueix en un servei excepcional per als nostres clients. En confiar en nosaltres per a la venda de la seva propietat, els nostres clients poden sentir-se segurs i recolzats per un equip que treballa de manera coordinada, amb els m\u00e9s alts est\u00e0ndards de professionalitat i atenci\u00f3 al detall. <br><br>Cada membre del nostre equip est\u00e0 plenament enfocat a proporcionar una experi\u00e8ncia de venda personalitzada i sense complicacions, assegurant que la seva propietat sigui tractada amb el respecte i la dedicaci\u00f3 que mereix.\n\t\t\t\t\t<\/p>\n\t\t\t\t\t\t\t<h2 \n\t\tdata-interaction-id=\"3c4b628\" \n\t\tclass=\"e-3c4b628-5a8187a e-heading-base\" \n\t\t \n\t\tdata-e-type=\"widget\" data-id=\"3c4b628\"\n\t>\n\t\n\t\t\t<strong>\"A Christie's International Real Estate Barcelona, cuidem dels nostres agents perqu\u00e8 puguin cuidar de vost\u00e8\".<\/strong>\n\t\t<\/h2>\n\t\t\t\t\t<\/div>\n\t\t\t\t<\/div>\n\t\t\t\t<\/div>\n\t\t<div class=\"elementor-element elementor-element-7533ca2 e-con-full e-flex e-con e-parent\" data-id=\"7533ca2\" data-element_type=\"container\" data-e-type=\"container\">\n\t\t<div class=\"elementor-element elementor-element-3d042f8 e-con-full e-grid e-con e-child\" data-id=\"3d042f8\" data-element_type=\"container\" data-e-type=\"container\" data-settings=\"{&quot;background_background&quot;:&quot;classic&quot;}\">\n\t\t<div class=\"elementor-element elementor-element-590223e e-con-full e-flex e-con e-child\" data-id=\"590223e\" data-element_type=\"container\" data-e-type=\"container\" data-settings=\"{&quot;background_background&quot;:&quot;classic&quot;}\">\n\t\t\t\t<\/div>\n\t\t<div class=\"elementor-element elementor-element-03476eb e-con-full elementor-hidden-mobile e-flex e-con e-child\" data-id=\"03476eb\" data-element_type=\"container\" data-e-type=\"container\" data-settings=\"{&quot;background_background&quot;:&quot;classic&quot;}\">\n\t\t<div class=\"elementor-element elementor-element-0e6bbd7 e-con-full e-flex e-con e-child\" data-id=\"0e6bbd7\" data-element_type=\"container\" data-e-type=\"container\" data-settings=\"{&quot;background_background&quot;:&quot;classic&quot;}\">\n\t\t\t\t<\/div>\n\t\t\t\t<\/div>\n\t\t\t\t<\/div>\n\t\t\t\t<div class=\"elementor-element elementor-element-ebc5baa elementor-align-right elementor-widget elementor-widget-button\" data-id=\"ebc5baa\" data-element_type=\"widget\" data-e-type=\"widget\" data-widget_type=\"button.default\">\n\t\t\t\t\t\t\t\t\t\t<a class=\"elementor-button elementor-button-link elementor-size-sm\" href=\"#elementor-action%3Aaction%3Dpopup%3Aopen%26settings%3DeyJpZCI6MTkwMCwidG9nZ2xlIjpmYWxzZX0%3D\">\n\t\t\t\t\t\t<span class=\"elementor-button-content-wrapper\">\n\t\t\t\t\t\t<span class=\"elementor-button-icon\">\n\t\t\t\t<svg aria-hidden=\"true\" class=\"e-font-icon-svg e-fas-arrow-right\" viewBox=\"0 0 448 512\" xmlns=\"http:\/\/www.w3.org\/2000\/svg\"><path d=\"M190.5 66.9l22.2-22.2c9.4-9.4 24.6-9.4 33.9 0L441 239c9.4 9.4 9.4 24.6 0 33.9L246.6 467.3c-9.4 9.4-24.6 9.4-33.9 0l-22.2-22.2c-9.5-9.5-9.3-25 .4-34.3L311.4 296H24c-13.3 0-24-10.7-24-24v-32c0-13.3 10.7-24 24-24h287.4L190.9 101.2c-9.8-9.3-10-24.8-.4-34.3z\"><\/path><\/svg>\t\t\t<\/span>\n\t\t\t\t\t\t\t\t\t<span class=\"elementor-button-text\">VEURE M\u00c9S IMATGES<\/span>\n\t\t\t\t\t<\/span>\n\t\t\t\t\t<\/a>\n\t\t\t\t\t\t\t\t<\/div>\n\t\t\t\t<\/div>\n\t\t<div class=\"elementor-element elementor-element-cc5969a e-con-full e-flex e-con e-parent\" data-id=\"cc5969a\" data-element_type=\"container\" data-e-type=\"container\">\n\t\t<div class=\"elementor-element elementor-element-7c28298 e-con-full e-flex e-con e-child\" data-id=\"7c28298\" data-element_type=\"container\" data-e-type=\"container\">\n\t\t\t\t\t\t\t<h2 \n\t\tdata-interaction-id=\"af78f39\" \n\t\tclass=\"e-af78f39-49b60d6 e-heading-base\" \n\t\t \n\t\tdata-e-type=\"widget\" data-id=\"af78f39\"\n\t>\n\t\n\t\t\tEspecialistes en cada detall\n\t\t<\/h2>\n\t\t\t\t\t\t\t<h2 \n\t\tdata-interaction-id=\"321f306\" \n\t\tclass=\"e-321f306-212bd02 e-heading-base\" \n\t\t \n\t\tdata-e-type=\"widget\" data-id=\"321f306\"\n\t>\n\t\n\t\t\tDEPARTAMENTS\n\t\t<\/h2>\n\t\t\t\t<\/div>\n\t\t<div class=\"elementor-element elementor-element-3b881a5 e-grid e-con-boxed e-con e-child\" data-id=\"3b881a5\" data-element_type=\"container\" data-e-type=\"container\">\n\t\t\t\t\t<div class=\"e-con-inner\">\n\t\t<div class=\"elementor-element elementor-element-9016c9d e-con-full e-flex e-con e-child\" data-id=\"9016c9d\" data-element_type=\"container\" data-e-type=\"container\">\n\t\t\t\t<div class=\"elementor-element elementor-element-afbf132 elementor-widget__width-initial elementor-view-default elementor-widget elementor-widget-icon\" data-id=\"afbf132\" data-element_type=\"widget\" data-e-type=\"widget\" data-widget_type=\"icon.default\">\n\t\t\t\t\t\t\t<div class=\"elementor-icon-wrapper\">\n\t\t\t<div class=\"elementor-icon\">\n\t\t\t<svg xmlns=\"http:\/\/www.w3.org\/2000\/svg\" id=\"Layer_1\" data-name=\"Layer 1\" viewBox=\"0 0 24 24\"><path d=\"m17.979,23.359c.078.265-.073.542-.339.62-.047.014-.094.021-.141.021-.217,0-.416-.141-.479-.359-.631-2.144-2.695-3.641-5.021-3.641s-4.39,1.497-5.021,3.641c-.077.266-.357.416-.62.339-.266-.078-.417-.355-.339-.62.754-2.567,3.213-4.359,5.979-4.359s5.226,1.792,5.979,4.359Zm6-9c-.754-2.567-3.213-4.359-5.979-4.359-.276,0-.5.224-.5.5s.224.5.5.5c2.325,0,4.39,1.497,5.021,3.641.063.219.263.359.479.359.047,0,.094-.007.141-.021.266-.078.417-.355.339-.62Zm-17.479-3.859c0-.276-.224-.5-.5-.5C3.233,10,.774,11.792.021,14.359c-.078.265.073.542.339.62.047.014.094.021.141.021.217,0,.416-.141.479-.359.631-2.144,2.695-3.641,5.021-3.641.276,0,.5-.224.5-.5Zm5.5-1.5c2.206,0,4,1.794,4,4s-1.794,4-4,4-4-1.794-4-4,1.794-4,4-4Zm-3,4c0,1.654,1.346,3,3,3s3-1.346,3-3-1.346-3-3-3-3,1.346-3,3Zm5-9c0-2.206,1.794-4,4-4s4,1.794,4,4-1.794,4-4,4-4-1.794-4-4Zm1,0c0,1.654,1.346,3,3,3s3-1.346,3-3-1.346-3-3-3-3,1.346-3,3Zm-13,0C2,1.794,3.794,0,6,0s4,1.794,4,4-1.794,4-4,4-4-1.794-4-4Zm1,0c0,1.654,1.346,3,3,3s3-1.346,3-3-1.346-3-3-3-3,1.346-3,3Z\"><\/path><\/svg>\t\t\t<\/div>\n\t\t<\/div>\n\t\t\t\t\t\t<\/div>\n\t\t\t\t\t\t\t<h2 \n\t\tdata-interaction-id=\"6b3e587\" \n\t\tclass=\"e-6b3e587-929060a e-heading-base\" \n\t\t \n\t\tdata-e-type=\"widget\" data-id=\"6b3e587\"\n\t>\n\t\n\t\t\tDIRECCI\u00d3\n\t\t<\/h2>\n\t\t\t\t<div class=\"elementor-element elementor-element-ff5d2ca elementor-widget-divider--view-line elementor-widget elementor-widget-divider\" data-id=\"ff5d2ca\" data-element_type=\"widget\" data-e-type=\"widget\" data-widget_type=\"divider.default\">\n\t\t\t\t\t\t\t<div class=\"elementor-divider\">\n\t\t\t<span class=\"elementor-divider-separator\">\n\t\t\t\t\t\t<\/span>\n\t\t<\/div>\n\t\t\t\t\t\t<\/div>\n\t\t\t\t\t\t\t\t<p class=\"e-92aefa6-179085c e-paragraph-base\" data-interaction-id=\"92aefa6\"  data-e-type=\"widget\" data-id=\"92aefa6\">\n\t\t\t\t\t\t\t\tLideratge estrat\u00e8gic i visi\u00f3<br>per continuar impulsant<br>el nostre creixement.\n\t\t\t\t\t<\/p>\n\t\t\t\t<\/div>\n\t\t<div class=\"elementor-element elementor-element-18cde55 e-con-full e-flex e-con e-child\" data-id=\"18cde55\" data-element_type=\"container\" data-e-type=\"container\">\n\t\t\t\t<div class=\"elementor-element elementor-element-4b631e7 elementor-widget__width-initial elementor-view-default elementor-widget elementor-widget-icon\" data-id=\"4b631e7\" data-element_type=\"widget\" data-e-type=\"widget\" data-widget_type=\"icon.default\">\n\t\t\t\t\t\t\t<div class=\"elementor-icon-wrapper\">\n\t\t\t<div class=\"elementor-icon\">\n\t\t\t<svg xmlns=\"http:\/\/www.w3.org\/2000\/svg\" id=\"Layer_1\" data-name=\"Layer 1\" viewBox=\"0 0 24 24\" width=\"512\" height=\"512\"><path d=\"M23.964,12.314l-.003-.006-.002-.005-3.493-8.732c-.382-.955-1.293-1.572-2.321-1.572h-5.646V.5c0-.276-.224-.5-.5-.5s-.5,.224-.5,.5v1.5H5.854c-1.028,0-1.939,.617-2.321,1.572L.041,12.303l-.002,.005-.003,.006c-.024,.059-.036,1.101-.036,1.101,0,2.197,1.457,4.041,3.543,4.484,.314,.067,.634,.101,.95,.101h.008c2.48-.004,4.499-2.023,4.499-4.5,0,0-.012-1.126-.036-1.186l-.003-.006-.002-.005L5.283,3.112c.177-.073,.37-.112,.571-.112h5.646V23H4.5c-.276,0-.5,.224-.5,.5s.224,.5,.5,.5h15c.276,0,.5-.224,.5-.5s-.224-.5-.5-.5h-7V3h5.646c.201,0,.395,.039,.571,.112l-3.676,9.191-.002,.005-.003,.006c-.024,.059-.036,1.186-.036,1.186,0,2.477,2.019,4.496,4.499,4.5h.008c.316,0,.636-.034,.949-.101,2.087-.444,3.544-2.288,3.544-4.484,0,0-.012-1.042-.036-1.101ZM4.499,17c-.283,.016-.5-.026-.748-.079-1.619-.344-2.751-1.786-2.751-3.506v-.415h7v.5c0,1.926-1.57,3.497-3.501,3.5Zm3.263-5H1.238S4.487,3.881,4.502,3.851l3.26,8.149ZM19.498,3.851c.015,.03,3.263,8.149,3.263,8.149h-6.523l3.26-8.149Zm.75,13.07c-.247,.053-.466,.097-.747,.079-1.931-.003-3.501-1.574-3.501-3.5v-.5h7v.415c0,1.72-1.132,3.162-2.752,3.506Z\"><\/path><\/svg>\t\t\t<\/div>\n\t\t<\/div>\n\t\t\t\t\t\t<\/div>\n\t\t\t\t\t\t\t<h2 \n\t\tdata-interaction-id=\"15f0164\" \n\t\tclass=\"e-15f0164-58f7bf7 e-heading-base\" \n\t\t \n\t\tdata-e-type=\"widget\" data-id=\"15f0164\"\n\t>\n\t\n\t\t\tOPERACIONS I LEGAL\n\t\t<\/h2>\n\t\t\t\t<div class=\"elementor-element elementor-element-ed9b245 elementor-widget-divider--view-line elementor-widget elementor-widget-divider\" data-id=\"ed9b245\" data-element_type=\"widget\" data-e-type=\"widget\" data-widget_type=\"divider.default\">\n\t\t\t\t\t\t\t<div class=\"elementor-divider\">\n\t\t\t<span class=\"elementor-divider-separator\">\n\t\t\t\t\t\t<\/span>\n\t\t<\/div>\n\t\t\t\t\t\t<\/div>\n\t\t\t\t\t\t\t\t<p class=\"e-5a168b3-ecfa58f e-paragraph-base\" data-interaction-id=\"5a168b3\"  data-e-type=\"widget\" data-id=\"5a168b3\">\n\t\t\t\t\t\t\t\tGarantim seguretat jur\u00eddica<br>i efici\u00e8ncia en tots<br>els processos.\n\t\t\t\t\t<\/p>\n\t\t\t\t<\/div>\n\t\t<div class=\"elementor-element elementor-element-0263521 e-con-full e-flex e-con e-child\" data-id=\"0263521\" data-element_type=\"container\" data-e-type=\"container\">\n\t\t\t\t<div class=\"elementor-element elementor-element-0e01639 elementor-widget__width-initial elementor-view-default elementor-widget elementor-widget-icon\" data-id=\"0e01639\" data-element_type=\"widget\" data-e-type=\"widget\" data-widget_type=\"icon.default\">\n\t\t\t\t\t\t\t<div class=\"elementor-icon-wrapper\">\n\t\t\t<div class=\"elementor-icon\">\n\t\t\t<svg xmlns=\"http:\/\/www.w3.org\/2000\/svg\" id=\"Layer_1\" data-name=\"Layer 1\" viewBox=\"0 0 24 24\" width=\"512\" height=\"512\"><path d=\"M23.045,8.035l-2.045-1.607V2h-1v3.641L13.545,.567c-.91-.715-2.182-.715-3.09,0L.955,8.035c-.607,.477-.955,1.193-.955,1.965v14H8V14.5c0-.827,.673-1.5,1.5-1.5h5c.827,0,1.5,.673,1.5,1.5v9.5h8V10c0-.772-.348-1.489-.955-1.965Zm-.045,14.965h-6V14.5c0-1.378-1.121-2.5-2.5-2.5h-5c-1.379,0-2.5,1.122-2.5,2.5v8.5H1V10c0-.463,.209-.893,.572-1.179L11.072,1.353c.547-.429,1.309-.429,1.855,0l9.5,7.468c.363,.286,.572,.716,.572,1.179v13Z\"><\/path><\/svg>\t\t\t<\/div>\n\t\t<\/div>\n\t\t\t\t\t\t<\/div>\n\t\t\t\t\t\t\t<h2 \n\t\tdata-interaction-id=\"9ee4491\" \n\t\tclass=\"e-9ee4491-3641d3d e-heading-base\" \n\t\t \n\t\tdata-e-type=\"widget\" data-id=\"9ee4491\"\n\t>\n\t\n\t\t\tVENDES RESIDENCIALS\n\t\t<\/h2>\n\t\t\t\t<div class=\"elementor-element elementor-element-382328a elementor-widget-divider--view-line elementor-widget elementor-widget-divider\" data-id=\"382328a\" data-element_type=\"widget\" data-e-type=\"widget\" data-widget_type=\"divider.default\">\n\t\t\t\t\t\t\t<div class=\"elementor-divider\">\n\t\t\t<span class=\"elementor-divider-separator\">\n\t\t\t\t\t\t<\/span>\n\t\t<\/div>\n\t\t\t\t\t\t<\/div>\n\t\t\t\t\t\t\t\t<p class=\"e-294644e-7417bcf e-paragraph-base\" data-interaction-id=\"294644e\"  data-e-type=\"widget\" data-id=\"294644e\">\n\t\t\t\t\t\t\t\tAssessorament personalitzat<br>per trobar propietats<br>que encaixin amb el vostre estil de vida.\n\t\t\t\t\t<\/p>\n\t\t\t\t<\/div>\n\t\t<div class=\"elementor-element elementor-element-15d7389 e-con-full e-flex e-con e-child\" data-id=\"15d7389\" data-element_type=\"container\" data-e-type=\"container\">\n\t\t\t\t<div class=\"elementor-element elementor-element-907451d elementor-widget__width-initial elementor-view-default elementor-widget elementor-widget-icon\" data-id=\"907451d\" data-element_type=\"widget\" data-e-type=\"widget\" data-widget_type=\"icon.default\">\n\t\t\t\t\t\t\t<div class=\"elementor-icon-wrapper\">\n\t\t\t<div class=\"elementor-icon\">\n\t\t\t<svg xmlns=\"http:\/\/www.w3.org\/2000\/svg\" id=\"Layer_1\" data-name=\"Layer 1\" viewBox=\"0 0 24 24\"><path d=\"m7.006,24c-1.858,0-3.633-.727-4.956-2.05C.554,20.454-.18,18.38.038,16.261c.289-2.817,2.325-5.228,5.066-5.997,1.302-.365,2.61-.354,3.893.032L18.561.732c.473-.472,1.1-.732,1.768-.732h2.172c.827,0,1.5.673,1.5,1.5v2.171c0,.668-.26,1.296-.732,1.768l-1.561,1.561h-2.707v3h-3v2.707l-2.296,2.296c.386,1.283.396,2.591.031,3.893-.769,2.741-3.178,4.777-5.997,5.067-.244.025-.489.038-.732.038Zm-.004-13.001c-.542,0-1.085.076-1.628.228-2.349.659-4.094,2.724-4.342,5.137-.187,1.818.442,3.596,1.725,4.879,1.283,1.283,3.06,1.912,4.88,1.725,2.413-.248,4.478-1.993,5.136-4.342.338-1.204.301-2.413-.111-3.596l-.103-.296,2.441-2.441v-3.293h3v-3h3.293l1.268-1.268c.283-.283.439-.66.439-1.061V1.5c0-.276-.225-.5-.5-.5h-2.172c-.395,0-.781.16-1.061.439l-10.002,10.001-.296-.103c-.649-.226-1.307-.339-1.968-.339Zm-2.002,7.001c0,.552.448,1,1,1s1-.448,1-1-.448-1-1-1-1,.448-1,1Z\"><\/path><\/svg>\t\t\t<\/div>\n\t\t<\/div>\n\t\t\t\t\t\t<\/div>\n\t\t\t\t\t\t\t<h2 \n\t\tdata-interaction-id=\"9f63c03\" \n\t\tclass=\"e-9f63c03-8c4ebb2 e-heading-base\" \n\t\t \n\t\tdata-e-type=\"widget\" data-id=\"9f63c03\"\n\t>\n\t\n\t\t\tPROPIETATS EXCLUSIVES<br> \ufe60 OFF MARKET\n\t\t<\/h2>\n\t\t\t\t<div class=\"elementor-element elementor-element-edb409c elementor-widget-divider--view-line elementor-widget elementor-widget-divider\" data-id=\"edb409c\" data-element_type=\"widget\" data-e-type=\"widget\" data-widget_type=\"divider.default\">\n\t\t\t\t\t\t\t<div class=\"elementor-divider\">\n\t\t\t<span class=\"elementor-divider-separator\">\n\t\t\t\t\t\t<\/span>\n\t\t<\/div>\n\t\t\t\t\t\t<\/div>\n\t\t\t\t\t\t\t\t<p class=\"e-2ef451c-44e3b20 e-paragraph-base\" data-interaction-id=\"2ef451c\"  data-e-type=\"widget\" data-id=\"2ef451c\">\n\t\t\t\t\t\t\t\tAcc\u00e9s a oportunitats \u00faniques<br>i propietats que no es<br>troben al mercat.\n\t\t\t\t\t<\/p>\n\t\t\t\t<\/div>\n\t\t\t\t\t<\/div>\n\t\t\t\t<\/div>\n\t\t<div class=\"elementor-element elementor-element-429866f e-grid e-con-boxed e-con e-child\" data-id=\"429866f\" data-element_type=\"container\" data-e-type=\"container\">\n\t\t\t\t\t<div class=\"e-con-inner\">\n\t\t<div class=\"elementor-element elementor-element-02fe7a9 e-con-full e-flex e-con e-child\" data-id=\"02fe7a9\" data-element_type=\"container\" data-e-type=\"container\">\n\t\t\t\t<div class=\"elementor-element elementor-element-8795f06 elementor-widget__width-initial elementor-view-default elementor-widget elementor-widget-icon\" data-id=\"8795f06\" data-element_type=\"widget\" data-e-type=\"widget\" data-widget_type=\"icon.default\">\n\t\t\t\t\t\t\t<div class=\"elementor-icon-wrapper\">\n\t\t\t<div class=\"elementor-icon\">\n\t\t\t<svg xmlns=\"http:\/\/www.w3.org\/2000\/svg\" id=\"Layer_1\" data-name=\"Layer 1\" viewBox=\"0 0 24 24\" width=\"512\" height=\"512\"><path d=\"m23.949,9.603c0-1.637-1.318-2.971-2.949-2.999V.5c0-.262-.202-.479-.463-.499-.258-.018-.492.166-.532.425-.482,3.226-4.746,3.574-6.557,3.574h-7.949C2.467,4,0,6.467,0,9.5c0,1.651.738,3.134,1.904,4.143l3.247,8.713c.229.627.688,1.128,1.293,1.41.336.156.694.235,1.054.235.289,0,.579-.051.858-.153,1.295-.472,1.964-1.91,1.493-3.204l-2.046-5.644h5.698c2.207,0,5.987.465,6.507,3.582.041.243.25.418.493.418.014,0,.028,0,.042-.001.259-.021.459-.238.459-.499v-5.899c1.631-.028,2.949-1.362,2.949-2.999Zm-22.949-.103c0-2.481,2.019-4.5,4.5-4.5h2.5v9h-2.449c-2.51,0-4.551-2.019-4.551-4.5Zm7.909,11.486c.137.376.12.784-.049,1.146-.169.363-.47.639-.846.776-.779.284-1.64-.119-1.924-.899l-2.788-7.482c.688.303,1.449.473,2.25.473h1.187l2.17,5.986Zm11.091-4.737c-1.229-1.451-3.478-2.249-6.5-2.249h-4.5V5h4.449c3.057,0,5.321-.788,6.551-2.223v13.472Zm1-4.648v-3.997c1.079.027,1.949.913,1.949,1.999s-.869,1.971-1.949,1.999Z\"><\/path><\/svg>\t\t\t<\/div>\n\t\t<\/div>\n\t\t\t\t\t\t<\/div>\n\t\t\t\t\t\t\t<h2 \n\t\tdata-interaction-id=\"6711ffb\" \n\t\tclass=\"e-6711ffb-13b7426 e-heading-base\" \n\t\t \n\t\tdata-e-type=\"widget\" data-id=\"6711ffb\"\n\t>\n\t\n\t\t\tM\u00c0RQUETING \ufe60 COMUNICACI\u00d3\n\t\t<\/h2>\n\t\t\t\t<div class=\"elementor-element elementor-element-a631127 elementor-widget-divider--view-line elementor-widget elementor-widget-divider\" data-id=\"a631127\" data-element_type=\"widget\" data-e-type=\"widget\" data-widget_type=\"divider.default\">\n\t\t\t\t\t\t\t<div class=\"elementor-divider\">\n\t\t\t<span class=\"elementor-divider-separator\">\n\t\t\t\t\t\t<\/span>\n\t\t<\/div>\n\t\t\t\t\t\t<\/div>\n\t\t\t\t\t\t\t\t<p class=\"e-185e45b-9975c93 e-paragraph-base\" data-interaction-id=\"185e45b\"  data-e-type=\"widget\" data-id=\"185e45b\">\n\t\t\t\t\t\t\t\tEstrat\u00e8gies de comunicaci\u00f3 i m\u00e0rqueting<br> per posicionar cada propietat<br>al p\u00fablic adequat\n\t\t\t\t\t<\/p>\n\t\t\t\t<\/div>\n\t\t<div class=\"elementor-element elementor-element-390a707 e-con-full e-flex e-con e-child\" data-id=\"390a707\" data-element_type=\"container\" data-e-type=\"container\">\n\t\t\t\t<div class=\"elementor-element elementor-element-4852d65 elementor-widget__width-initial elementor-view-default elementor-widget elementor-widget-icon\" data-id=\"4852d65\" data-element_type=\"widget\" data-e-type=\"widget\" data-widget_type=\"icon.default\">\n\t\t\t\t\t\t\t<div class=\"elementor-icon-wrapper\">\n\t\t\t<div class=\"elementor-icon\">\n\t\t\t<svg xmlns=\"http:\/\/www.w3.org\/2000\/svg\" id=\"Layer_1\" data-name=\"Layer 1\" viewBox=\"0 0 24 24\" width=\"512\" height=\"512\"><path d=\"M12,0c-1.65,0-3,1.35-3,3V21c0,1.65,1.35,3,3,3s3-1.35,3-3V3c0-1.65-1.35-3-3-3Zm2,21c0,1.1-.9,2-2,2s-2-.9-2-2V3c0-1.1,.9-2,2-2s2,.9,2,2V21Zm7-15c-1.65,0-3,1.35-3,3v12c0,1.65,1.35,3,3,3s3-1.35,3-3V9c0-1.65-1.35-3-3-3Zm2,15c0,1.1-.9,2-2,2s-2-.9-2-2V9c0-1.1,.9-2,2-2s2,.9,2,2v12ZM3,12c-1.65,0-3,1.35-3,3v6c0,1.65,1.35,3,3,3s3-1.35,3-3v-6c0-1.65-1.35-3-3-3Zm2,9c0,1.1-.9,2-2,2s-2-.9-2-2v-6c0-1.1,.9-2,2-2s2,.9,2,2v6Z\"><\/path><\/svg>\t\t\t<\/div>\n\t\t<\/div>\n\t\t\t\t\t\t<\/div>\n\t\t\t\t\t\t\t<h2 \n\t\tdata-interaction-id=\"e80e136\" \n\t\tclass=\"e-e80e136-b21e83d e-heading-base\" \n\t\t \n\t\tdata-e-type=\"widget\" data-id=\"e80e136\"\n\t>\n\t\n\t\t\tVALORACIONS I AN\u00c0LISI<br>DEL MERCAT\n\t\t<\/h2>\n\t\t\t\t<div class=\"elementor-element elementor-element-1f6c40a elementor-widget-divider--view-line elementor-widget elementor-widget-divider\" data-id=\"1f6c40a\" data-element_type=\"widget\" data-e-type=\"widget\" data-widget_type=\"divider.default\">\n\t\t\t\t\t\t\t<div class=\"elementor-divider\">\n\t\t\t<span class=\"elementor-divider-separator\">\n\t\t\t\t\t\t<\/span>\n\t\t<\/div>\n\t\t\t\t\t\t<\/div>\n\t\t\t\t\t\t\t\t<p class=\"e-92fded3-7a2344b e-paragraph-base\" data-interaction-id=\"92fded3\"  data-e-type=\"widget\" data-id=\"92fded3\">\n\t\t\t\t\t\t\t\tAn\u00e0lisis rigoroses i actualitzades per<br>oferir valor real i decisions<br>intel\u00b7ligents.\n\t\t\t\t\t<\/p>\n\t\t\t\t<\/div>\n\t\t<div class=\"elementor-element elementor-element-8175bbe e-con-full e-flex e-con e-child\" data-id=\"8175bbe\" data-element_type=\"container\" data-e-type=\"container\">\n\t\t\t\t<div class=\"elementor-element elementor-element-fb42ede elementor-widget__width-initial elementor-view-default elementor-widget elementor-widget-icon\" data-id=\"fb42ede\" data-element_type=\"widget\" data-e-type=\"widget\" data-widget_type=\"icon.default\">\n\t\t\t\t\t\t\t<div class=\"elementor-icon-wrapper\">\n\t\t\t<div class=\"elementor-icon\">\n\t\t\t<svg xmlns=\"http:\/\/www.w3.org\/2000\/svg\" id=\"Layer_1\" data-name=\"Layer 1\" viewBox=\"0 0 24 24\" width=\"512\" height=\"512\"><path d=\"M17,13h-6v-1h6v1Zm0-5h-6v1h6v-1Zm0,8h-6v1h6v-1ZM9,8h-2v1h2v-1Zm0,4h-2v1h2v-1Zm0,4h-2v1h2v-1Zm12,5.5V2h-5.05c-.232-1.14-1.242-2-2.45-2h-3c-1.208,0-2.217,.86-2.45,2H3V21.5c0,1.379,1.122,2.5,2.5,2.5h13c1.378,0,2.5-1.121,2.5-2.5ZM9,3v-.5c0-.827,.673-1.5,1.5-1.5h3c.827,0,1.5,.673,1.5,1.5v.5h5V21.5c0,.827-.673,1.5-1.5,1.5H5.5c-.827,0-1.5-.673-1.5-1.5V3h5Z\"><\/path><\/svg>\t\t\t<\/div>\n\t\t<\/div>\n\t\t\t\t\t\t<\/div>\n\t\t\t\t\t\t\t<h2 \n\t\tdata-interaction-id=\"71ef4de\" \n\t\tclass=\"e-71ef4de-df2cd5e e-heading-base\" \n\t\t \n\t\tdata-e-type=\"widget\" data-id=\"71ef4de\"\n\t>\n\t\n\t\t\tOPERACIONS \ufe60<br>ADMINISTRACI\u00d3\n\t\t<\/h2>\n\t\t\t\t<div class=\"elementor-element elementor-element-692007e elementor-widget-divider--view-line elementor-widget elementor-widget-divider\" data-id=\"692007e\" data-element_type=\"widget\" data-e-type=\"widget\" data-widget_type=\"divider.default\">\n\t\t\t\t\t\t\t<div class=\"elementor-divider\">\n\t\t\t<span class=\"elementor-divider-separator\">\n\t\t\t\t\t\t<\/span>\n\t\t<\/div>\n\t\t\t\t\t\t<\/div>\n\t\t\t\t\t\t\t\t<p class=\"e-5c53f54-44cb49b e-paragraph-base\" data-interaction-id=\"5c53f54\"  data-e-type=\"widget\" data-id=\"5c53f54\">\n\t\t\t\t\t\t\t\tCoordinaci\u00f3 i gesti\u00f3 interna<br>perqu\u00e8 tot funcioni<br>de forma impecable.\n\t\t\t\t\t<\/p>\n\t\t\t\t<\/div>\n\t\t\t\t\t<\/div>\n\t\t\t\t<\/div>\n\t\t\t\t<\/div>\n\t\t\t\t<\/div>\n\t\t","protected":false},"excerpt":{"rendered":"<p>CHRISTIE&#8217;S INTERNATIONAL REAL ESTATE Equip de professionals&nbsp; Christie\u2019s International Real Estate EL NOSTRE EQUIP A Christie&#8217;s International Real Estate Madrid entenem que el luxe no es limita \u00fanicament a les propietats que gestionem, sin\u00f3 que tamb\u00e9 resideix en la qualitat del servei que oferim. La nostra dedicaci\u00f3 comen\u00e7a des de dins, cuidant meticulosament del nostre [&hellip;]<\/p>\n","protected":false},"author":1,"featured_media":0,"parent":0,"menu_order":0,"comment_status":"closed","ping_status":"closed","template":"","meta":{"_acf_changed":false,"footnotes":""},"class_list":["post-1835","page","type-page","status-publish","hentry"],"acf":[],"_links":{"self":[{"href":"https:\/\/christiesrealestate-barcelona.es\/ca\/wp-json\/wp\/v2\/pages\/1835","targetHints":{"allow":["GET"]}}],"collection":[{"href":"https:\/\/christiesrealestate-barcelona.es\/ca\/wp-json\/wp\/v2\/pages"}],"about":[{"href":"https:\/\/christiesrealestate-barcelona.es\/ca\/wp-json\/wp\/v2\/types\/page"}],"author":[{"embeddable":true,"href":"https:\/\/christiesrealestate-barcelona.es\/ca\/wp-json\/wp\/v2\/users\/1"}],"replies":[{"embeddable":true,"href":"https:\/\/christiesrealestate-barcelona.es\/ca\/wp-json\/wp\/v2\/comments?post=1835"}],"version-history":[{"count":8,"href":"https:\/\/christiesrealestate-barcelona.es\/ca\/wp-json\/wp\/v2\/pages\/1835\/revisions"}],"predecessor-version":[{"id":2620,"href":"https:\/\/christiesrealestate-barcelona.es\/ca\/wp-json\/wp\/v2\/pages\/1835\/revisions\/2620"}],"wp:attachment":[{"href":"https:\/\/christiesrealestate-barcelona.es\/ca\/wp-json\/wp\/v2\/media?parent=1835"}],"curies":[{"name":"wp","href":"https:\/\/api.w.org\/{rel}","templated":true}]}}