{"id":1945,"date":"2026-04-01T09:19:19","date_gmt":"2026-04-01T07:19:19","guid":{"rendered":"https:\/\/christiesrealestate-barcelona.es\/vendre\/"},"modified":"2026-05-07T09:17:14","modified_gmt":"2026-05-07T07:17:14","slug":"vendre","status":"publish","type":"page","link":"https:\/\/christiesrealestate-barcelona.es\/ca\/vendre\/","title":{"rendered":"Vendre"},"content":{"rendered":"\t\t<div data-elementor-type=\"wp-page\" data-elementor-id=\"1945\" class=\"elementor elementor-1945 elementor-491\" data-elementor-post-type=\"page\">\n\t\t\t\t<div class=\"elementor-element elementor-element-824b640 e-con-full e-flex e-con e-parent\" data-id=\"824b640\" data-element_type=\"container\" data-e-type=\"container\" data-settings=\"{&quot;background_background&quot;:&quot;classic&quot;}\">\n\t\t<div class=\"elementor-element elementor-element-2f8c93b e-flex e-con-boxed e-con e-child\" data-id=\"2f8c93b\" data-element_type=\"container\" data-e-type=\"container\">\n\t\t\t\t\t<div class=\"e-con-inner\">\n\t\t\t\t\t\t\t\t<p class=\"e-f3b0027-3765ba4 shadowText e-paragraph-base\" data-interaction-id=\"f3b0027\"  data-e-type=\"widget\" data-id=\"f3b0027\">\n\t\t\t\t\t\t\t\tCHRISTIE'S INTERNATIONAL REAL ESTATE\n\t\t\t\t\t<\/p>\n\t\t\t\t\t\t\t\t<p class=\"e-2e2494c-827f199 shadowText e-paragraph-base\" data-interaction-id=\"2e2494c\"  data-e-type=\"widget\" data-id=\"2e2494c\">\n\t\t\t\t\t\t\t\tCriteri i discreci\u00f3\n\t\t\t\t\t<\/p>\n\t\t\t\t\t<\/div>\n\t\t\t\t<\/div>\n\t\t\t\t<\/div>\n\t\t<div class=\"elementor-element elementor-element-9632c8e e-con-full e-flex e-con e-parent\" data-id=\"9632c8e\" data-element_type=\"container\" data-e-type=\"container\" data-settings=\"{&quot;background_background&quot;:&quot;classic&quot;}\">\n\t\t<div class=\"elementor-element elementor-element-34bcd4a e-flex e-con-boxed e-con e-child\" data-id=\"34bcd4a\" data-element_type=\"container\" data-e-type=\"container\" data-settings=\"{&quot;background_background&quot;:&quot;classic&quot;}\">\n\t\t\t\t\t<div class=\"e-con-inner\">\n\t\t\t\t\t\t\t<h2 \n\t\tdata-interaction-id=\"0ab628b\" \n\t\tclass=\"e-0ab628b-ab10440 e-heading-base\" \n\t\t \n\t\tdata-e-type=\"widget\" data-id=\"0ab628b\"\n\t>\n\t\n\t\t\tConeixes el valor real de la seva propietat?\n\t\t<\/h2>\n\t\t\t\t\t\t\t<h2 \n\t\tdata-interaction-id=\"749df6b\" \n\t\tclass=\"e-749df6b-b0a5230 e-heading-base\" \n\t\t \n\t\tdata-e-type=\"widget\" data-id=\"749df6b\"\n\t>\n\t\n\t\t\tL'AJUDEM A DESCOBRIR-LO\n\t\t<\/h2>\n\t\t\t\t\t\t\t\t<p class=\"e-cda6d13-fe6ab1d e-paragraph-base\" data-interaction-id=\"cda6d13\"  data-e-type=\"widget\" data-id=\"cda6d13\">\n\t\t\t\t\t\t\t\tA <strong id=\"e-mogttbc6-uzxz0bb\">Christie\u2019s International Real Estate \u2013 Barcelona<\/strong> posem a la seva disposici\u00f3 un servei de valoraci\u00f3 immobili\u00e0ria dissenyat per oferir una visi\u00f3 precisa, estrat\u00e8gica i plenament alineada amb el mercat actual.<br><br>Combinem dades reals i comparables, an\u00e0lisi de tend\u00e8ncies per zona, estudi de la demanda activa i una avaluaci\u00f3 detallada de les caracter\u00edstiques \u00faniques i el potencial de la seva propietat, amb el suport de la nostra experi\u00e8ncia local i abast internacional.<br><br>Cada valoraci\u00f3 es realitza de manera personalitzada, considerant no nom\u00e9s refer\u00e8ncies de mercat, sin\u00f3 tamb\u00e9 els atributs diferencials del seu immoble.\n\t\t\t\t\t<\/p>\n\t\t\t\t\t<\/div>\n\t\t\t\t<\/div>\n\t\t\t\t<\/div>\n\t\t<div class=\"elementor-element elementor-element-986cfe6 e-flex e-con-boxed e-con e-parent\" data-id=\"986cfe6\" data-element_type=\"container\" data-e-type=\"container\">\n\t\t\t\t\t<div class=\"e-con-inner\">\n\t\t<div class=\"elementor-element elementor-element-9f49170 e-con-full e-grid elementor-hidden-mobile e-con e-child\" data-id=\"9f49170\" data-element_type=\"container\" data-e-type=\"container\">\n\t\t<div class=\"elementor-element elementor-element-5aeb0c6 e-con-full e-flex e-con e-child\" data-id=\"5aeb0c6\" data-element_type=\"container\" data-e-type=\"container\">\n\t\t\t\t\t\t\t<h2 \n\t\tdata-interaction-id=\"ad0694b\" \n\t\tclass=\"e-ad0694b-bb5788f e-heading-base\" \n\t\t \n\t\tdata-e-type=\"widget\" data-id=\"ad0694b\"\n\t>\n\t\n\t\t\tSol\u00b7liciti una valoraci\u00f3\n\t\t<\/h2>\n\t\t\t\t\t\t\t<h2 \n\t\tdata-interaction-id=\"81788bd\" \n\t\tclass=\"e-81788bd-4426904 e-heading-base\" \n\t\t \n\t\tdata-e-type=\"widget\" data-id=\"81788bd\"\n\t>\n\t\n\t\t\tCONTACTI AMB ELS NOSTRES EXPERTS\n\t\t<\/h2>\n\t\t\t\t\t\t\t\t<p class=\"e-86f8282-e45ecb4 e-paragraph-base\" data-interaction-id=\"86f8282\"  data-e-type=\"widget\" data-id=\"86f8282\">\n\t\t\t\t\t\t\t\tA <strong id=\"e-mogttqvi-2t344ab\">Christie\u2019s International Real Estate Barcelona<\/strong>, entenem que cada propietat \u00e9s \u00fanica, per aix\u00f2, el nostre servei de valoracions immobili\u00e0ries est\u00e0 dissenyat per oferir informaci\u00f3 precisa i fiable, basada en dades reals del mercat i en l'experi\u00e8ncia dels nostres experts immobiliaris.\n\t\t\t\t\t<\/p>\n\t\t\t\t\t    \t            <button\n            \t\t\tdata-action-link=\"#elementor-action%3Aaction%3Dpopup%3Aopen%26settings%3DeyJpZCI6MTE1NiwidG9nZ2xlIjpmYWxzZX0%3D\"\n        target=\"_self\"\n            class=\"buttonHeader e-15dcf04-58dd868 e-button-base\"\n            data-interaction-id=\"15dcf04\"\n             data-e-type=\"widget\" data-id=\"15dcf04\" \n        >\n            CONTACTEU-NOS\n        <\/button>\n    \t\t\t\t<\/div>\n\t\t\t\t<div class=\"elementor-element elementor-element-24bb8c2 elementor-widget elementor-widget-image\" data-id=\"24bb8c2\" data-element_type=\"widget\" data-e-type=\"widget\" data-widget_type=\"image.default\">\n\t\t\t\t\t\t\t\t\t\t\t\t\t\t\t<img fetchpriority=\"high\" decoding=\"async\" width=\"735\" height=\"553\" src=\"https:\/\/christiesrealestate-barcelona.es\/wp-content\/uploads\/2026\/04\/1-alta-1.webp\" class=\"attachment-large size-large wp-image-1947\" alt=\"\" \/>\t\t\t\t\t\t\t\t\t\t\t\t\t\t\t<\/div>\n\t\t\t\t<\/div>\n\t\t<div class=\"elementor-element elementor-element-ad3bc0c e-con-full e-grid elementor-hidden-desktop elementor-hidden-tablet e-con e-child\" data-id=\"ad3bc0c\" data-element_type=\"container\" data-e-type=\"container\">\n\t\t<div class=\"elementor-element elementor-element-4f50c01 e-con-full e-flex e-con e-child\" data-id=\"4f50c01\" data-element_type=\"container\" data-e-type=\"container\">\n\t\t\t\t\t\t\t<h2 \n\t\tdata-interaction-id=\"3f4b80f\" \n\t\tclass=\"e-3f4b80f-07bd934 e-heading-base\" \n\t\t \n\t\tdata-e-type=\"widget\" data-id=\"3f4b80f\"\n\t>\n\t\n\t\t\tSol\u00b7liciti una valoraci\u00f3\n\t\t<\/h2>\n\t\t\t\t\t\t\t<h2 \n\t\tdata-interaction-id=\"ff12681\" \n\t\tclass=\"e-ff12681-77de85b e-heading-base\" \n\t\t \n\t\tdata-e-type=\"widget\" data-id=\"ff12681\"\n\t>\n\t\n\t\t\tCONTACTI AMB ELS NOSTRES EXPERTS\n\t\t<\/h2>\n\t\t\t\t<div class=\"elementor-element elementor-element-e6f9a95 elementor-widget elementor-widget-image\" data-id=\"e6f9a95\" data-element_type=\"widget\" data-e-type=\"widget\" data-widget_type=\"image.default\">\n\t\t\t\t\t\t\t\t\t\t\t\t\t\t\t<img fetchpriority=\"high\" decoding=\"async\" width=\"735\" height=\"553\" src=\"https:\/\/christiesrealestate-barcelona.es\/wp-content\/uploads\/2026\/04\/1-alta-1.webp\" class=\"attachment-large size-large wp-image-1947\" alt=\"\" \/>\t\t\t\t\t\t\t\t\t\t\t\t\t\t\t<\/div>\n\t\t\t\t\t\t\t\t<p class=\"e-b4ebf1e-bc72b86 e-paragraph-base\" data-interaction-id=\"b4ebf1e\"  data-e-type=\"widget\" data-id=\"b4ebf1e\">\n\t\t\t\t\t\t\t\tA <strong id=\"e-mogttqvi-2t344ab\">Christie\u2019s International Real Estate Barcelona<\/strong>, entenem que cada propietat \u00e9s \u00fanica, per aix\u00f2, el nostre servei de valoracions immobili\u00e0ries est\u00e0 dissenyat per oferir informaci\u00f3 precisa i fiable, basada en dades reals del mercat i en l'experi\u00e8ncia dels nostres experts immobiliaris.\n\t\t\t\t\t<\/p>\n\t\t\t\t\t    \t            <button\n            \t\t\tdata-action-link=\"#elementor-action%3Aaction%3Dpopup%3Aopen%26settings%3DeyJpZCI6MTE1NiwidG9nZ2xlIjpmYWxzZX0%3D\"\n        target=\"_self\"\n            class=\"buttonHeader e-c3ccf1f-17bba99 e-button-base\"\n            data-interaction-id=\"c3ccf1f\"\n             data-e-type=\"widget\" data-id=\"c3ccf1f\" \n        >\n            CONTACTEU-NOS\n        <\/button>\n    \t\t\t\t<\/div>\n\t\t\t\t<\/div>\n\t\t\t\t\t<\/div>\n\t\t\t\t<\/div>\n\t\t\t\t<\/div>\n\t\t","protected":false},"excerpt":{"rendered":"<p>CHRISTIE&#8217;S INTERNATIONAL REAL ESTATE Criteri i discreci\u00f3 Coneixes el valor real de la seva propietat? L&#8217;AJUDEM A DESCOBRIR-LO A Christie\u2019s International Real Estate \u2013 Barcelona posem a la seva disposici\u00f3 un servei de valoraci\u00f3 immobili\u00e0ria dissenyat per oferir una visi\u00f3 precisa, estrat\u00e8gica i plenament alineada amb el mercat actual. Combinem dades reals i comparables, an\u00e0lisi [&hellip;]<\/p>\n","protected":false},"author":1,"featured_media":0,"parent":0,"menu_order":0,"comment_status":"closed","ping_status":"closed","template":"","meta":{"_acf_changed":false,"footnotes":""},"class_list":["post-1945","page","type-page","status-publish","hentry"],"acf":[],"_links":{"self":[{"href":"https:\/\/christiesrealestate-barcelona.es\/ca\/wp-json\/wp\/v2\/pages\/1945","targetHints":{"allow":["GET"]}}],"collection":[{"href":"https:\/\/christiesrealestate-barcelona.es\/ca\/wp-json\/wp\/v2\/pages"}],"about":[{"href":"https:\/\/christiesrealestate-barcelona.es\/ca\/wp-json\/wp\/v2\/types\/page"}],"author":[{"embeddable":true,"href":"https:\/\/christiesrealestate-barcelona.es\/ca\/wp-json\/wp\/v2\/users\/1"}],"replies":[{"embeddable":true,"href":"https:\/\/christiesrealestate-barcelona.es\/ca\/wp-json\/wp\/v2\/comments?post=1945"}],"version-history":[{"count":11,"href":"https:\/\/christiesrealestate-barcelona.es\/ca\/wp-json\/wp\/v2\/pages\/1945\/revisions"}],"predecessor-version":[{"id":2635,"href":"https:\/\/christiesrealestate-barcelona.es\/ca\/wp-json\/wp\/v2\/pages\/1945\/revisions\/2635"}],"wp:attachment":[{"href":"https:\/\/christiesrealestate-barcelona.es\/ca\/wp-json\/wp\/v2\/media?parent=1945"}],"curies":[{"name":"wp","href":"https:\/\/api.w.org\/{rel}","templated":true}]}}