{"id":1989,"date":"2026-04-30T11:54:45","date_gmt":"2026-04-30T09:54:45","guid":{"rendered":"https:\/\/christiesrealestate-barcelona.es\/avis-legal\/"},"modified":"2026-05-07T08:42:28","modified_gmt":"2026-05-07T06:42:28","slug":"avis-legal","status":"publish","type":"page","link":"https:\/\/christiesrealestate-barcelona.es\/ca\/avis-legal\/","title":{"rendered":"Av\u00eds legal"},"content":{"rendered":"\t\t<div data-elementor-type=\"wp-page\" data-elementor-id=\"1989\" class=\"elementor elementor-1989 elementor-1770\" data-elementor-post-type=\"page\">\n\t\t\t\t<div class=\"elementor-element elementor-element-2c7d8de e-flex e-con-boxed e-con e-parent\" data-id=\"2c7d8de\" data-element_type=\"container\" data-e-type=\"container\">\n\t\t\t\t\t<div class=\"e-con-inner\">\n\t\t\t\t\t\t\t<h2 \n\t\tdata-interaction-id=\"e2b9f79\" \n\t\tclass=\"e-e2b9f79-4b1af69 e-heading-base\" \n\t\t \n\t\tdata-e-type=\"widget\" data-id=\"e2b9f79\"\n\t>\n\t\n\t\t\tAv\u00eds Legal\n\t\t<\/h2>\n\t\t\t\t<div class=\"elementor-element elementor-element-6a2adef elementor-widget elementor-widget-heading\" data-id=\"6a2adef\" data-element_type=\"widget\" data-e-type=\"widget\" data-widget_type=\"heading.default\">\n\t\t\t\t\t<p class=\"elementor-heading-title elementor-size-default\"><h2>1. Condicions generals<\/h2>\n<p>Aquesta nota legal cont\u00e9 les condicions que regulen l'\u00fas i l'acc\u00e9s al lloc web https:\/\/www.cire-barcelona.com (en endavant lloc o web) i les responsabilitats derivades de la seva utilitzaci\u00f3, en compliment de la Llei 34\/2002, d'11 de juliol, de serveis de la societat de la informaci\u00f3 i de comer\u00e7 electr\u00f2nic (en endavant, LSSI). S'entendr\u00e0 que l'acc\u00e9s o la mera utilitzaci\u00f3 del lloc web per part de l'usuari implica l'adhesi\u00f3 d'aquest a totes les condicions que april 21 real estate tingui publicades en aquell moment a la web. S'informa els usuaris que april 21 real estate respecta la legislaci\u00f3 vigent en mat\u00e8ria de protecci\u00f3 de dades personals, la privacitat dels usuaris i el secret i seguretat de les seves dades personals, adoptant per a aix\u00f2 les mesures t\u00e8cniques i organitzatives necess\u00e0ries per evitar la p\u00e8rdua, el mal \u00fas, l'alteraci\u00f3, l'acc\u00e9s no autoritzat i el robatori de les dades personals facilitades.  <\/p>\n\n<h2>2. Titular<\/h2>\n<p>El titular d'aquest lloc web \u00e9s:<br>April 21 real estate, S.L. d'ara endavant April 21 real estate, amb domicili social a Carrer de la Riera Principal, 46, 08328 d'Alella (Barcelona), amb CIF B-26629592, tel\u00e8fon de contacte 935 409 090 i adre\u00e7a de correu electr\u00f2nic info@cire-barcelona.com<\/p>\n\n<h2>3. Objecte<\/h2>\n<p>L'objectiu d'aquest lloc \u00e9s informar de l'activitat i els serveis que desenvolupa i ofereix April 21 real estate.<\/p>\n\n<h2>4. Drets de propietat intel\u00b7lectual i industrial<\/h2>\n<p>La totalitat d'aquest lloc web: descripci\u00f3 i caracter\u00edstiques, text, imatges, marques, logotips, botons, arxius de programari, aix\u00ed com l'estructura, la selecci\u00f3, l'ordenaci\u00f3 i la presentaci\u00f3 dels seus continguts estan protegits per les lleis espanyoles i internacionals sobre propietat intel\u00b7lectual i industrial. En cap cas l'acc\u00e9s per part de tercers a aquest lloc implica algun tipus de ren\u00fancia, transmissi\u00f3 o cessi\u00f3 total o parcial dels drets atorgats per la legislaci\u00f3 espanyola i internacional sobre propietat intel\u00b7lectual i industrial. <\/p>\n<p>Queden prohibits la reproducci\u00f3 (excepte la desc\u00e0rrega temporal des del lloc web al disc dur de l'ordinador de l'usuari o als servidors intermediaris), la c\u00f2pia, l'\u00fas, la distribuci\u00f3, la reutilitzaci\u00f3, l'explotaci\u00f3, la realitzaci\u00f3 de segones c\u00f2pies, l'enviament per correu, la transmissi\u00f3, la modificaci\u00f3, la cessi\u00f3 o qualsevol altre acte que es faci amb la totalitat o part titular. L'usuari s'obliga a utilitzar els continguts de forma diligent, correcta i l\u00edcita i, en particular, es compromet a abstenir-se de suprimir, eludir o manipular el copyright i altres dades identificatives dels drets de l'april 21 real estate o dels seus titulars incorporats als continguts, aix\u00ed com els dispositius t\u00e8cnics de protecci\u00f3 o qualsevol mecanisme d'informaci\u00f3 que pugui. https:\/\/www.cire-barcelona.com \u00e9s un domini registrat per April 21 real estate. El domini no pot ser utilitzat, excepte autoritzaci\u00f3 expressa pr\u00e8via, en connexi\u00f3 amb altres serveis que no siguin de l'empresa de cap manera que pugui causar confusi\u00f3 entre els nostres clients o descr\u00e8dit de 21 de mar\u00e7 real estate.   <\/p>\n\n<h2>5. Acc\u00e9s<\/h2>\n<p>Els usuaris podran accedir al lloc de forma lliure i gratu\u00efta. No obstant aix\u00f2, april 21 real estate sl es reserva el dret de limitar l'acc\u00e9s a determinades \u00e0rees del lloc web a aquells usuaris que no tinguin les credencials adequades. Aquestes credencials (usuari i contrasenya) s\u00f3n facilitades per april 21 real estate sl als seus clients, o a aquells usuaris que aix\u00ed ho sol\u00b7licitin de forma expressa, per tal d'accedir a informaci\u00f3 espec\u00edfica per a aquest grup d'usuaris. L'\u00fas de la contrasenya \u00e9s personal i intransferible, i no n'est\u00e0 permesa la cessi\u00f3, ni tan sols temporal, a tercers. En aquest sentit, l'usuari es compromet a fer-ne un \u00fas diligent i a mantenir-la en secret.    <\/p>\n\n<h2>6. Responsabilitat i Obligacions<\/h2>\n\n<h3>6.1. Responsabilitat pel que fa al contingut<\/h3>\n<p>El contingut d'aquest lloc web \u00e9s de car\u00e0cter general, amb una finalitat i efectes exclusivament informatius dels nostres serveis i de la nostra activitat empresarial. April 21 real estate s'eximeix de qualsevol responsabilitat respecte a qualsevol decisi\u00f3 adoptada per l'usuari del lloc web. April 21 real estate rebutja la responsabilitat sobre qualsevol informaci\u00f3 no elaborada per l'empresa o no publicada de forma autoritzada per ella sota el seu nom, igual que la responsabilitat que es derivi de la mala utilitzaci\u00f3 dels continguts. Aix\u00ed mateix, en relaci\u00f3 amb els continguts, April 21 real estate es reserva el dret a actualitzar-los, eliminar-los, limitar-los o impedir-ne l'acc\u00e9s, de manera temporal o definitiva.   <\/p>\n\n<h3>6.2. Responsabilitat respecte als enlla\u00e7os a altres p\u00e0gines webs (links)<\/h3>\n<p>Els enlla\u00e7os introdu\u00efts en aquest lloc web s\u00f3n de car\u00e0cter merament informatiu i, per tant, April 21 real estate no controla ni verifica cap informaci\u00f3, contingut, productes o serveis facilitats a trav\u00e9s d'aquests llocs web. En conseq\u00fc\u00e8ncia, April 21 real estate declina qualsevol tipus de responsabilitat per qualsevol aspecte, especialment el contingut, relatiu a les p\u00e0gines d'enlla\u00e7. Aquests enlla\u00e7os a altres p\u00e0gines, aix\u00ed com als productes o serveis que s'hi ofereixen, no impliquen el suport, patrocini o recomanaci\u00f3 per part d'April 21 real estate.  <\/p>\n\n<h3>6.3. Responsabilitat en el sup\u00f2sit que aquesta p\u00e0gina sigui la destinaci\u00f3 de l'enlla\u00e7 introdu\u00eft en una altra p\u00e0gina<\/h3>\n<p>Pel que fa als enlla\u00e7os establerts per altres p\u00e0gines amb destinaci\u00f3 al lloc de april 21 real estate haur\u00e0 d'atenir-se a les estipulacions seg\u00fcents:<\/p>\n<p>\u00b7 Haur\u00e0 de sol\u00b7licitar autoritzaci\u00f3 pr\u00e8viament a la realitzaci\u00f3 de l'enlla\u00e7 i haur\u00e0 de constar de forma expressa el seu atorgament.<br>\u00b7 L'enlla\u00e7 ha de ser absolut i complet, \u00e9s a dir, ha de portar l'usuari a la pr\u00f2pia adre\u00e7a de april 21 real estate i ha d'abastar completament tota l'extensi\u00f3 de la pantalla de la p\u00e0gina inicial. En cap cas, excepte autoritzaci\u00f3 expressa i per escrit de april 21 real estate, la p\u00e0gina que realitzi l'enlla\u00e7 podr\u00e0 reproduir de qualsevol manera el lloc web de april 21 real estate, incloure'l com a part de la seva web o dins d'un dels seus \u00abframes\u00bb o crear un \u00abbrowser\u00bb sobre qualsevol de les p\u00e0gines del web. <br>\u00b7 No es donar\u00e0 cap tipus d'indicaci\u00f3 err\u00f2nia o incorrecta sobre la p\u00e0gina d'april 21 real estate.<br>\u00b7 Si es vol fer constar algun signe distintiu d'april 21 real estate, com marques, logotips i denominaci\u00f3, haur\u00e0 de comptar amb l'autoritzaci\u00f3 per escrit.<br>\u00b7 El Titular de la p\u00e0gina que ofereix l'enlla\u00e7 haur\u00e0 d'actuar de bona fe i no pret\u00e9n afectar negativament la reputaci\u00f3 o el bon nom d'April 21 real estate.<br>\u00b7 Es prohibeix, excepte autoritzaci\u00f3 expressa d'april 21 real estate, donar d'alta els elements de text de la marca o del logotip, el nom de domini o la denominaci\u00f3 social de april 21 real estate, com a paraula clau (metatags o metanames) per a la recerca de llocs webs realitzada a trav\u00e9s de cercadors. April 21 real estate no assumeix cap mena de responsabilitat per qualsevol aspecte relatiu a la p\u00e0gina web que ofereix l'enlla\u00e7. <\/p>\n\n<h3>6.4. Responsabilitat aspectes t\u00e8cnics<\/h3>\n<p>April 21 real estate far\u00e0 tot el possible per donar un servei estable i durador, per\u00f2 en cap cas garanteix la continu\u00eftat del funcionament ni l'operativitat i disponibilitat del lloc web per causes alienes a la seva responsabilitat. April 21 real estate no es fa responsable dels danys i perjudicis directes o indirectes, inclosos danys a sistemes inform\u00e0tics i introducci\u00f3 de virus existents a la xarxa, derivats de la navegaci\u00f3 per Internet necess\u00e0ria per a l'\u00fas d'aquest lloc web. Per aquest motiu, en cap cas s'indemnitzar\u00e0 per possibles problemes deguts al mal funcionament del sistema.  <\/p>\n\n<h3>6.5. Obligacions dels usuaris<\/h3>\n<p>L'usuari respondr\u00e0 dels danys i perjudicis que april 21 real estate pugui patir com a conseq\u00fc\u00e8ncia de l'incompliment, per la seva part, de qualsevol de les obligacions determinades en aquesta nota legal. L'usuari respondr\u00e0, en qualsevol cas, de la veracitat de les dades facilitades, reservant-se april 21 real estate el dret a excloure dels serveis registrats tot usuari que hagi facilitat dades falses i a rescindir el contracte d'asseguran\u00e7a sol\u00b7licitat, sense perjudici de la resta d'accions que procedeixin en dret.  L'usuari no podr\u00e0 usar aquest servei per transmetre qualsevol classe de material il\u00b7legal, amena\u00e7ador, difamatori o qualsevol altre tipus de material considerat ofensiu. De la mateixa manera, no podr\u00e0 fer un \u00fas incorrecte dels continguts d'april 21 real estate, utilitzar-los amb finalitats diferents de les previstes, reproduint-los, modificant-los o transformant-los. Qualsevol informaci\u00f3 obtinguda al lloc d'april 21 real estate i mostrada en una p\u00e0gina externa, s'haur\u00e0 de mostrar indicant degudament la font, \u00e9s a dir, el nom del lloc i l'enlla\u00e7 o p\u00e0gina d'on s'ha obtingut la informaci\u00f3. Pel que fa a la navegaci\u00f3, l'usuari es compromet a observar diligentment i fidelment les recomanacions que en el seu moment estableixi april 21 real estate relatives a l'\u00fas del lloc. A aquests efectes april 21 real estate es dirigir\u00e0 als usuaris mitjan\u00e7ant qualsevol mitj\u00e0 de comunicaci\u00f3 a trav\u00e9s del lloc web.<\/p>\n\n<h2>7. Durada i Modificaci\u00f3<\/h2>\n<p>April 21 real estate tindr\u00e0 dret a modificar unilateralment els termes i condicions aqu\u00ed estipulats, de forma total o parcial. Qualsevol canvi apareixer\u00e0, i es posar\u00e0 en coneixement dels usuaris, de la mateixa forma en qu\u00e8 es troben en aquesta nota legal. La vig\u00e8ncia temporal d'aquesta nota legal coincideix, per tant, amb el temps de la seva exposici\u00f3, fins al moment en qu\u00e8 siguin modificades de forma total o parcial per april 21 real estate. April 21 real estate podr\u00e0 donar per acabada, suspendre o interrompre unilateralment l'operativitat d'aquest lloc web, sense possibilitat de sol\u00b7licitar cap indemnitzaci\u00f3 per part de l'usuari. Despr\u00e9s d'aquesta extinci\u00f3, l'usuari haur\u00e0 de destruir qualsevol informaci\u00f3 sobre april 21 real estate que tingui en qualsevol format i que hagi obtingut a trav\u00e9s del lloc o a trav\u00e9s de les comunicacions realitzades de forma individual a l'usuari per la mateixa. April 21 real estate no tindr\u00e0 cap obligaci\u00f3 de mantenir cap contingut ni de reenviar cap missatge no llegit o no enviat ni a l'usuari ni a un tercer.     <\/p>\n\n<h2>8. Legislaci\u00f3 i Jurisdicci\u00f3<\/h2>\n<p>Aquestes condicions d'\u00fas es regeixen per la legislaci\u00f3 espanyola. Les condicions que apareixen en aquesta web estan en tot cas sotmeses a les lleis i tribunals espanyols. En cas de controv\u00e8rsies entre l'usuari i april 21 real estate, les parts expressament pacten i acorden, respecte de la prestaci\u00f3 del servei, amb ren\u00fancia expressa a qualsevol altre fur, la seva submissi\u00f3 als tribunals i jutjats d'Alella (Espanya).  <\/p><\/p>\t\t\t\t<\/div>\n\t\t\t\t\t<\/div>\n\t\t\t\t<\/div>\n\t\t\t\t<div class=\"elementor-element elementor-element-add91d7 e-con e-atomic-element e-flexbox-base\" data-id=\"add91d7\" data-element_type=\"e-flexbox\" data-e-type=\"e-flexbox\" data-interaction-id=\"add91d7\" data-e-type=\"e-flexbox\" data-id=\"add91d7\">\n\t\t\t\t<\/div>\n\t\t\t\t<\/div>\n\t\t","protected":false},"excerpt":{"rendered":"<p>Av\u00eds Legal 1. Condicions generals Aquesta nota legal cont\u00e9 les condicions que regulen l&#8217;\u00fas i l&#8217;acc\u00e9s al lloc web https:\/\/www.cire-barcelona.com (en endavant lloc o web) i les responsabilitats derivades de la seva utilitzaci\u00f3, en compliment de la Llei 34\/2002, d&#8217;11 de juliol, de serveis de la societat de la informaci\u00f3 i de comer\u00e7 electr\u00f2nic (en [&hellip;]<\/p>\n","protected":false},"author":1,"featured_media":0,"parent":0,"menu_order":0,"comment_status":"closed","ping_status":"closed","template":"","meta":{"_acf_changed":false,"footnotes":""},"class_list":["post-1989","page","type-page","status-publish","hentry"],"acf":[],"_links":{"self":[{"href":"https:\/\/christiesrealestate-barcelona.es\/ca\/wp-json\/wp\/v2\/pages\/1989","targetHints":{"allow":["GET"]}}],"collection":[{"href":"https:\/\/christiesrealestate-barcelona.es\/ca\/wp-json\/wp\/v2\/pages"}],"about":[{"href":"https:\/\/christiesrealestate-barcelona.es\/ca\/wp-json\/wp\/v2\/types\/page"}],"author":[{"embeddable":true,"href":"https:\/\/christiesrealestate-barcelona.es\/ca\/wp-json\/wp\/v2\/users\/1"}],"replies":[{"embeddable":true,"href":"https:\/\/christiesrealestate-barcelona.es\/ca\/wp-json\/wp\/v2\/comments?post=1989"}],"version-history":[{"count":2,"href":"https:\/\/christiesrealestate-barcelona.es\/ca\/wp-json\/wp\/v2\/pages\/1989\/revisions"}],"predecessor-version":[{"id":2584,"href":"https:\/\/christiesrealestate-barcelona.es\/ca\/wp-json\/wp\/v2\/pages\/1989\/revisions\/2584"}],"wp:attachment":[{"href":"https:\/\/christiesrealestate-barcelona.es\/ca\/wp-json\/wp\/v2\/media?parent=1989"}],"curies":[{"name":"wp","href":"https:\/\/api.w.org\/{rel}","templated":true}]}}