{"id":1995,"date":"2026-05-04T11:52:06","date_gmt":"2026-05-04T09:52:06","guid":{"rendered":"https:\/\/christiesrealestate-barcelona.es\/politica-de-cookies\/"},"modified":"2026-05-07T08:50:56","modified_gmt":"2026-05-07T06:50:56","slug":"politica-de-cookies","status":"publish","type":"page","link":"https:\/\/christiesrealestate-barcelona.es\/ca\/politica-de-cookies\/","title":{"rendered":"Pol\u00edtica de Cookies"},"content":{"rendered":"\t\t<div data-elementor-type=\"wp-page\" data-elementor-id=\"1995\" class=\"elementor elementor-1995 elementor-1818\" data-elementor-post-type=\"page\">\n\t\t\t\t<div class=\"elementor-element elementor-element-6456ca6 e-flex e-con-boxed e-con e-parent\" data-id=\"6456ca6\" data-element_type=\"container\" data-e-type=\"container\">\n\t\t\t\t\t<div class=\"e-con-inner\">\n\t\t\t\t\t\t\t<h2 \n\t\tdata-interaction-id=\"8463008\" \n\t\tclass=\"e-8463008-dca6380 e-heading-base\" \n\t\t \n\t\tdata-e-type=\"widget\" data-id=\"8463008\"\n\t>\n\t\n\t\t\tPol\u00edtica de Cookies\n\t\t<\/h2>\n\t\t\t\t<div class=\"elementor-element elementor-element-67b6fe9 elementor-widget elementor-widget-heading\" data-id=\"67b6fe9\" data-element_type=\"widget\" data-e-type=\"widget\" data-widget_type=\"heading.default\">\n\t\t\t\t\t<p class=\"elementor-heading-title elementor-size-default\"><h2>QU\u00c8 S\u00d3N LES COOKIES?<\/h2>\n<p>Les cookies i altres tecnologies similars, com ara els objectes locals compartits, les flash cookies o els p\u00edxels, s\u00f3n eines emprades pels servidors web per emmagatzemar i recuperar informaci\u00f3 sobre els seus visitants, aix\u00ed com per oferir un correcte funcionament del lloc. Mitjan\u00e7ant l'\u00fas d'aquests dispositius, el servidor web pot recordar algunes dades relatives a l'usuari, com ara les seves prefer\u00e8ncies per a la visualitzaci\u00f3 de les p\u00e0gines d'aquest servidor, nom i contrasenya, productes que m\u00e9s li interessen, etc. <\/p>\n\n<h2>COOKIES AFECTADES PER LA NORMATIVA I COOKIES EXCEPTUADES<\/h2>\n<p>Segons la directiva de la UE, les cookies que requereixen el consentiment informat per part de l'usuari s\u00f3n les cookies d'anal\u00edtica i les de publicitat i afiliaci\u00f3, quedant exceptuades les de car\u00e0cter t\u00e8cnic i les necess\u00e0ries per al funcionament del lloc web o la prestaci\u00f3 de serveis expressament sol\u00b7licitats per l'usuari.<\/p>\n\n<h2>TIPUS DE COOKIES<\/h2>\n\n<h3>SEGONS LA FINALITAT<\/h3>\n<p><strong>Cookies t\u00e8cniques i funcionals:<\/strong> s\u00f3n aquelles que permeten a l'usuari la navegaci\u00f3 a trav\u00e9s d'una p\u00e0gina web, plataforma o aplicaci\u00f3 i la utilitzaci\u00f3 de les diferents opcions o serveis que hi hagi.<\/p>\n<p><strong>Cookies anal\u00edtiques:<\/strong> s\u00f3n aquelles que permeten al responsable de les mateixes el seguiment i an\u00e0lisi del comportament dels usuaris dels llocs web als quals estan vinculades. La informaci\u00f3 recollida mitjan\u00e7ant aquest tipus de cookies s'utilitza en la mesura de l'activitat dels llocs web, aplicaci\u00f3 o plataforma i per a l'elaboraci\u00f3 de perfils de navegaci\u00f3 dels usuaris d'aquests llocs, aplicacions i plataformes, amb la finalitat d'introduir millores en funci\u00f3 de l'an\u00e0lisi de les dades d'\u00fas que fan els usuaris del servei. <\/p>\n<p><strong>Cookies publicit\u00e0ries:<\/strong> s\u00f3n aquelles que permeten la gesti\u00f3, de la forma m\u00e9s efica\u00e7 possible, dels espais publicitaris que, si escau, l'editor hagi incl\u00f2s en una p\u00e0gina web, aplicaci\u00f3 o plataforma des de la qual presta el servei sol\u00b7licitat en base a criteris com el contingut editat o la freq\u00fc\u00e8ncia en qu\u00e8 es mostren els anuncis.<\/p>\n<p><strong>Cookies socials:<\/strong> s\u00f3n establertes per les plataformes de xarxes socials en els serveis per permetre-li compartir contingut amb els seus amics i xarxes.<\/p>\n\n<h3>SEGONS LA PROPIETAT<\/h3>\n<p><strong>Cookies pr\u00f2pies:<\/strong> s\u00f3n aquelles que s'envien a l'equip terminal de l'usuari des d'un equip o domini gestionat pel propi editor i des del qual es presta el servei sol\u00b7licitat per l'usuari.<\/p>\n<p><strong>Cookies de tercers:<\/strong> s\u00f3n aquelles que s'envien a l'equip terminal de l'usuari des d'un equip o domini que no \u00e9s gestionat per l'editor, sin\u00f3 per una altra entitat que tracta les dades obtingudes a trav\u00e9s de les cookies.<\/p>\n\n<h3>SEGONS EL TERMINI DE CONSERVACI\u00d3<\/h3>\n<p><strong>Cookies de sessi\u00f3:<\/strong> s\u00f3n un tipus de cookies dissenyades per recollir i emmagatzemar dades mentre l'usuari accedeix a una p\u00e0gina web.<\/p>\n<p><strong>Cookies persistents:<\/strong> s\u00f3n un tipus de cookies en qu\u00e8 les dades continuen emmagatzemades al terminal i poden ser accedides i tractades durant un per\u00edode definit pel responsable de la cookie, i que pot anar d'uns minuts a diversos anys.<\/p>\n\n<h2>TRACTAMENT DE DADES PERSONALS<\/h2>\n<p>Christie's Barcelona \u00e9s el Responsable del tractament de les dades personals de l'Interessat i l'informa que aquestes dades seran tractades de conformitat amb el que disposa el Reglament (UE) 2016\/679, de 27 d'abril de 2016 (GDPR), per la qual cosa se li facilita la seg\u00fcent informaci\u00f3 del tractament:<\/p>\n<p><strong>Fins del tractament:<\/strong> segons s'especifica a l'apartat de cookies que s'utilitzen en aquest lloc web.<\/p>\n<p><strong>Legitimaci\u00f3 del tractament:<\/strong> per consentiment de l'interessat (art. 6.1 GDPR).<\/p>\n<p><strong>Criteris de conservaci\u00f3 de les dades:<\/strong> segons s'especifica a l'apartat de cookies utilitzades a la web.<\/p>\n<p><strong>Comunicaci\u00f3 de les dades:<\/strong> no es comunicaran les dades a tercers, excepte en cookies propietat de tercers o per obligaci\u00f3 legal.<\/p>\n\n<h3>Drets que assisteixen a l'interessat<\/h3>\n<p>- Dret a retirar el consentiment en qualsevol moment.<br>- Dret d'acc\u00e9s, rectificaci\u00f3, portabilitat i supressi\u00f3 de les seves dades, i de limitaci\u00f3 o oposici\u00f3 al seu tractament.<br>- Dret a presentar una reclamaci\u00f3 davant l'Autoritat de control (www.aepd.es) si considera que el tractament no s'ajusta a la normativa vigent.<\/p>\n<p><strong>Dades de contacte per exercir els seus drets:<\/strong> Christie's Barcelona. info@christiesrealestate-barcelona.es <\/p>\n<p>Des del panell de cookies flotant podr\u00e0 configurar les cookies que el lloc web pot instal\u00b7lar al seu navegador, excepte les cookies t\u00e8cniques o funcionals que s\u00f3n necess\u00e0ries per a la navegaci\u00f3 i la utilitzaci\u00f3 de les diferents opcions o serveis que s'ofereixen. Les cookies seleccionades indiquen que l'usuari autoritza la instal\u00b7laci\u00f3 al seu navegador i el tractament de dades sota les condicions reflectides en la Pol\u00edtica de cookies. <\/p>\n\n<h2>COOKIES DEL EDITOR<\/h2>\n\n<h3>T\u00e8cniques i funcionals<\/h3>\n<table style=\"width: 100%;border-collapse: collapse;text-align: left;margin-bottom: 40px\">\n  <thead>\n    <tr style=\"background-color: #f2f2f2\">\n      <th style=\"border: 1px solid #ddd;padding: 14px\">Propietat<\/th>\n      <th style=\"border: 1px solid #ddd;padding: 14px\">Cookie<\/th>\n      <th style=\"border: 1px solid #ddd;padding: 14px\">Finalitat<\/th>\n      <th style=\"border: 1px solid #ddd;padding: 14px\">Termini<\/th>\n    <\/tr>\n  <\/thead>\n  <tbody>\n    <tr>\n      <td style=\"border: 1px solid #ddd;padding: 12px\">www.christiesrealestate-barcelona.es<\/td>\n      <td style=\"border: 1px solid #ddd;padding: 12px\">Cookie de Consentiment<\/td>\n      <td style=\"border: 1px solid #ddd;padding: 12px\">Cookie t\u00e8cnica i estrictament necess\u00e0ria que guarda les prefer\u00e8ncies d'acceptaci\u00f3 o rebuig de cookies de l'usuari.<\/td>\n      <td style=\"border: 1px solid #ddd;padding: 12px\">1 any<\/td>\n    <\/tr>\n    <tr>\n      <td style=\"border: 1px solid #ddd;padding: 12px\">www.christiesrealestate-barcelona.es<\/td>\n      <td style=\"border: 1px solid #ddd;padding: 12px\">_icl_current_language \/ wpml_browser_redirect_test<\/td>\n      <td style=\"border: 1px solid #ddd;padding: 12px\">Cookies de WPML necess\u00e0ries per recordar l'idioma seleccionat per l'usuari durant la navegaci\u00f3.<\/td>\n      <td style=\"border: 1px solid #ddd;padding: 12px\">1 dia \/ Sessi\u00f3<\/td>\n    <\/tr>\n  <\/tbody>\n<\/table>\n\n<h3>Anal\u00edtiques<\/h3>\n<table style=\"width: 100%;border-collapse: collapse;text-align: left;margin-bottom: 40px\">\n  <thead>\n    <tr style=\"background-color: #f2f2f2\">\n      <th style=\"border: 1px solid #ddd;padding: 14px\">Propietat<\/th>\n      <th style=\"border: 1px solid #ddd;padding: 14px\">Cookie<\/th>\n      <th style=\"border: 1px solid #ddd;padding: 14px\">Finalitat<\/th>\n      <th style=\"border: 1px solid #ddd;padding: 14px\">Termini<\/th>\n    <\/tr>\n  <\/thead>\n  <tbody>\n    <tr>\n      <td style=\"border: 1px solid #ddd;padding: 12px\">www.christiesrealestate-barcelona.es (Google Analytics)<\/td>\n      <td style=\"border: 1px solid #ddd;padding: 12px\">_ga<\/td>\n      <td style=\"border: 1px solid #ddd;padding: 12px\">S'utilitza per distingir els usuaris i generar dades estad\u00edstiques sobre com el visitant utilitza el lloc web.<\/td>\n      <td style=\"border: 1px solid #ddd;padding: 12px\">2 anys<\/td>\n    <\/tr>\n    <tr>\n      <td style=\"border: 1px solid #ddd;padding: 12px\">www.christiesrealestate-barcelona.es (Google Analytics)<\/td>\n      <td style=\"border: 1px solid #ddd;padding: 12px\">_ga_*******<\/td>\n      <td style=\"border: 1px solid #ddd;padding: 12px\">S'utilitza per mantenir l'estat de la sessi\u00f3 per a Google Analytics 4.<\/td>\n      <td style=\"border: 1px solid #ddd;padding: 12px\">2 anys<\/td>\n    <\/tr>\n  <\/tbody>\n<\/table>\n\n<h3>Publicit\u00e0ries i de Tercers (Mapes i Anuncis)<\/h3>\n<table style=\"width: 100%;border-collapse: collapse;text-align: left;margin-bottom: 40px\">\n  <thead>\n    <tr style=\"background-color: #f2f2f2\">\n      <th style=\"border: 1px solid #ddd;padding: 14px\">Propietat<\/th>\n      <th style=\"border: 1px solid #ddd;padding: 14px\">Cookie<\/th>\n      <th style=\"border: 1px solid #ddd;padding: 14px\">Finalitat<\/th>\n      <th style=\"border: 1px solid #ddd;padding: 14px\">Termini<\/th>\n    <\/tr>\n  <\/thead>\n  <tbody>\n    <tr>\n      <td style=\"border: 1px solid #ddd;padding: 12px\">google.com<\/td>\n      <td style=\"border: 1px solid #ddd;padding: 12px\">NID<\/td>\n      <td style=\"border: 1px solid #ddd;padding: 12px\">Injectada per Google Maps. S'utilitza per personalitzar anuncis a les propietats de Google basant-se en cerques recents i interaccions.<\/td>\n      <td style=\"border: 1px solid #ddd;padding: 12px\">6 mesos<\/td>\n    <\/tr>\n    <tr>\n      <td style=\"border: 1px solid #ddd;padding: 12px\">google.com<\/td>\n      <td style=\"border: 1px solid #ddd;padding: 12px\">1P_JAR \/ IDE<\/td>\n      <td style=\"border: 1px solid #ddd;padding: 12px\">Utilitzades per Google Ads per recopilar estad\u00edstiques del lloc web i mesurar la taxa de conversi\u00f3 publicit\u00e0ria.<\/td>\n      <td style=\"border: 1px solid #ddd;padding: 12px\">1 any<\/td>\n    <\/tr>\n  <\/tbody>\n<\/table>\n\n<h2>COOKIES DE TERCERS<\/h2>\n<p>Els serveis de tercers s\u00f3n aliens al control de l'editor. Els prove\u00efdors poden modificar en tot moment les seves condicions de servei, finalitat i utilitzaci\u00f3 de les cookies, etc. <\/p>\n\n<h3>Prove\u00efdors externs d'aquest lloc web<\/h3>\n<table style=\"width: 100%;border-collapse: collapse;text-align: left;margin-bottom: 40px\">\n  <thead>\n    <tr style=\"background-color: #f2f2f2\">\n      <th style=\"border: 1px solid #ddd;padding: 14px\">Editor<\/th>\n      <th style=\"border: 1px solid #ddd;padding: 14px\">Pol\u00edtica de privacitat<\/th>\n    <\/tr>\n  <\/thead>\n  <tbody>\n    <tr>\n      <td style=\"border: 1px solid #ddd;padding: 12px\">Google Analytics \/ Maps \/ Ads<\/td>\n      <td style=\"border: 1px solid #ddd;padding: 12px\"><a href=\"https:\/\/policies.google.com\/privacy?hl=es\" target=\"_blank\" rel=\"noopener\">https:\/\/policies.google.com\/privacy?hl=es<\/a><\/td>\n    <\/tr>\n  <\/tbody>\n<\/table>\n\n<h2>COM GESTIONAR LES COOKIES DES DEL NAVEGADOR<\/h2>\n<p><strong>Eliminar les cookies del dispositiu:<\/strong><br>Les cookies que ja estan en un dispositiu es poden eliminar esborrant l'historial del navegador, amb la qual cosa se suprimeixen les cookies de tots els llocs web visitats. No obstant aix\u00f2, tamb\u00e9 es pot perdre part de la informaci\u00f3 guardada (per exemple, les dades d'inici de sessi\u00f3 o les prefer\u00e8ncies de lloc web). <\/p>\n<p><strong>Gestionar les cookies espec\u00edfiques del lloc:<\/strong><br>Per tenir un control m\u00e9s prec\u00eds de les cookies espec\u00edfiques de cada lloc, els usuaris poden ajustar la seva configuraci\u00f3 de privacitat i cookies al navegador.<\/p>\n<p><strong>Bloquejar les cookies:<\/strong><br>Encara que la majoria dels navegadors moderns es poden configurar per evitar que s'instal\u00b7lin cookies als dispositius, aix\u00f2 pot obligar a l'ajust manual de determinades prefer\u00e8ncies cada vegada que es visiti un lloc o p\u00e0gina. A m\u00e9s, alguns serveis i caracter\u00edstiques poden no funcionar correctament (per exemple, els inicis de sessi\u00f3 amb perfil). <\/p>\n\n<h2>COM ELIMINAR LES COOKIES DELS NAVEGADORS M\u00c9S COMUNS<\/h2>\n<p><strong>Chrome:<\/strong> http:\/\/support.google.com\/chrome\/answer\/95647?hl=es<br><strong>Edge \/ Internet Explorer:<\/strong> https:\/\/support.microsoft.com\/es-es\/microsoft-edge\/eliminar-las-cookies-en-microsoft-edge-63947406-40ac-c3b8-57b9-2a946a29ae09<br><strong>Firefox:<\/strong> https:\/\/support.mozilla.org\/es\/kb\/borrar-cookies-informacion-sitios-web<br><strong>Safari:<\/strong> https:\/\/support.apple.com\/es-es\/guide\/safari\/sfri11471\/mac<br><strong>Opera:<\/strong> https:\/\/help.opera.com\/en\/latest\/security-and-privacy\/#clearBrowsingData<\/p><\/p>\t\t\t\t<\/div>\n\t\t\t\t\t<\/div>\n\t\t\t\t<\/div>\n\t\t\t\t<\/div>\n\t\t","protected":false},"excerpt":{"rendered":"<p>Pol\u00edtica de Cookies QU\u00c8 S\u00d3N LES COOKIES? Les cookies i altres tecnologies similars, com ara els objectes locals compartits, les flash cookies o els p\u00edxels, s\u00f3n eines emprades pels servidors web per emmagatzemar i recuperar informaci\u00f3 sobre els seus visitants, aix\u00ed com per oferir un correcte funcionament del lloc. Mitjan\u00e7ant l&#8217;\u00fas d&#8217;aquests dispositius, el servidor [&hellip;]<\/p>\n","protected":false},"author":1,"featured_media":0,"parent":0,"menu_order":0,"comment_status":"closed","ping_status":"closed","template":"","meta":{"_acf_changed":false,"footnotes":""},"class_list":["post-1995","page","type-page","status-publish","hentry"],"acf":[],"_links":{"self":[{"href":"https:\/\/christiesrealestate-barcelona.es\/ca\/wp-json\/wp\/v2\/pages\/1995","targetHints":{"allow":["GET"]}}],"collection":[{"href":"https:\/\/christiesrealestate-barcelona.es\/ca\/wp-json\/wp\/v2\/pages"}],"about":[{"href":"https:\/\/christiesrealestate-barcelona.es\/ca\/wp-json\/wp\/v2\/types\/page"}],"author":[{"embeddable":true,"href":"https:\/\/christiesrealestate-barcelona.es\/ca\/wp-json\/wp\/v2\/users\/1"}],"replies":[{"embeddable":true,"href":"https:\/\/christiesrealestate-barcelona.es\/ca\/wp-json\/wp\/v2\/comments?post=1995"}],"version-history":[{"count":2,"href":"https:\/\/christiesrealestate-barcelona.es\/ca\/wp-json\/wp\/v2\/pages\/1995\/revisions"}],"predecessor-version":[{"id":2588,"href":"https:\/\/christiesrealestate-barcelona.es\/ca\/wp-json\/wp\/v2\/pages\/1995\/revisions\/2588"}],"wp:attachment":[{"href":"https:\/\/christiesrealestate-barcelona.es\/ca\/wp-json\/wp\/v2\/media?parent=1995"}],"curies":[{"name":"wp","href":"https:\/\/api.w.org\/{rel}","templated":true}]}}