{"id":2576,"date":"2026-05-05T12:20:54","date_gmt":"2026-05-05T10:20:54","guid":{"rendered":"https:\/\/christiesrealestate-barcelona.es\/politica-de-privacidad\/"},"modified":"2026-05-07T09:34:04","modified_gmt":"2026-05-07T07:34:04","slug":"politica-de-privacitat","status":"publish","type":"page","link":"https:\/\/christiesrealestate-barcelona.es\/ca\/politica-de-privacitat\/","title":{"rendered":"Politica de privacitat"},"content":{"rendered":"\t\t<div data-elementor-type=\"wp-page\" data-elementor-id=\"2576\" class=\"elementor elementor-2576 elementor-2069\" data-elementor-post-type=\"page\">\n\t\t\t\t<div class=\"elementor-element elementor-element-f16c3dc e-flex e-con-boxed e-con e-parent\" data-id=\"f16c3dc\" data-element_type=\"container\" data-e-type=\"container\">\n\t\t\t\t\t<div class=\"e-con-inner\">\n\t\t\t\t\t\t\t<h2 \n\t\tdata-interaction-id=\"de6be80\" \n\t\tclass=\"e-de6be80-27dc62c e-heading-base\" \n\t\t \n\t\tdata-e-type=\"widget\" data-id=\"de6be80\"\n\t>\n\t\n\t\t\tPol\u00edtica de privadesa\n\t\t<\/h2>\n\t\t\t\t<div class=\"elementor-element elementor-element-24711e1 elementor-widget elementor-widget-heading\" data-id=\"24711e1\" data-element_type=\"widget\" data-e-type=\"widget\" data-widget_type=\"heading.default\">\n\t\t\t\t\t<p class=\"elementor-heading-title elementor-size-default\"><h2>1. INFORMACI\u00d3 AL USUARI<\/h2>\n\n<h3>Qui \u00e9s el responsable del tractament de les teves dades personals?<\/h3>\n<p>April 21 real estate, S.L. \u00e9s el RESPONSABLE del tractament de les dades personals de l\u2019USUARI i l\u2019informa que aquestes dades seran tractades de conformitat amb el que disposa el Reglament (UE) 2016\/679, de 27 d\u2019abril (GDPR), i la Llei org\u00e0nica 3\/2018, de 5 de desembre (LOPDGDD).<\/p>\n\n<h3>Per a qu\u00e8 tractem les vostres dades personals?<\/h3>\n<p>Per mantenir una relaci\u00f3 comercial amb l\u2019usuari. Les operacions previstes per dur a terme el tractament s\u00f3n: <\/p>\n<p>Remissi\u00f3 de comunicacions comercials publicit\u00e0ries per e-mail, SMS, MMS, xarxes socials o qualsevol altre mitj\u00e0 electr\u00f2nic o f\u00edsic, present o futur, que possibiliti fer comunicacions comercials. Aquestes comunicacions seran realitzades pel RESPONSABLE i estaran relacionades amb els seus productes i serveis, o amb els dels seus col\u00b7laboradors o prove\u00efdors, amb els quals hagi assolit algun acord de promoci\u00f3. En aquest cas, els tercers mai no tindran acc\u00e9s a les dades personals.<br>Realitzar estudis de mercat i an\u00e0lisis estad\u00edstiques<br>Tramitar enc\u00e0rrecs, sol\u00b7licituds, donar resposta a les consultes o qualsevol tipus de petici\u00f3 que sigui realitzada per l\u2019USUARI a trav\u00e9s de qualsevol de les formes de contacte que es posen a la seva disposici\u00f3 a la p\u00e0gina web del RESPONSABLE.<br>Remetre el butllet\u00ed informatiu en l\u00ednia, sobre novetats, ofertes i promocions en la nostra activitat.  <\/p>\n\n<h3>Per quin motiu podem tractar les vostres dades personals?<\/h3>\n<p>Perqu\u00e8 el tractament est\u00e0 legitimat per l\u2019article 6 del GDPR de la manera seg\u00fcent:<\/p>\n<p>Amb el consentiment de l\u2019USUARI: remissi\u00f3 de comunicacions comercials i del butllet\u00ed informatiu.<br>Per inter\u00e8s leg\u00edtim del RESPONSABLE: realitzar estudis de mercat, an\u00e0lisis estad\u00edstiques, etc. i tramitar enc\u00e0rrecs, sol\u00b7licituds, etc. a petici\u00f3 de l\u2019USUARI.<\/p>\n\n<h3>Durant quant de temps conservarem les vostres dades personals?<\/h3>\n<p>Es conservaran durant no m\u00e9s temps del necessari per mantenir la finalitat del tractament o mentre existeixin prescripcions legals que en dictaminin la cust\u00f2dia i, quan ja no sigui necessari per a aix\u00f2, se suprimiran amb mesures de seguretat adequades per garantir l\u2019anonimitzaci\u00f3 de les dades o la destrucci\u00f3 total d\u2019aquestes.<\/p>\n\n<h3>A qui facilitem les vostres dades personals?<\/h3>\n<p>No est\u00e0 prevista cap comunicaci\u00f3 de dades personals a tercers, excepte si fos necessari per al desenvolupament i l\u2019execuci\u00f3 de les finalitats del tractament, als nostres prove\u00efdors de serveis relacionats amb comunicacions, amb els quals el RESPONSABLE t\u00e9 subscrits els contractes de confidencialitat i d\u2019encarregat del tractament exigits per la normativa vigent de privacitat.<\/p>\n\n<h3>Quins s\u00f3n els vostres drets?<\/h3>\n<p>Els drets que assisteixen l\u2019USUARI s\u00f3n:<\/p>\n<p>Dret a retirar el consentiment en qualsevol moment.<br>Dret d\u2019acc\u00e9s, rectificaci\u00f3, portabilitat i supressi\u00f3 de les seves dades, i de limitaci\u00f3 o oposici\u00f3 al seu tractament.<br>Dret a presentar una reclamaci\u00f3 davant l\u2019autoritat de control (www.aepd.es) si considera que el tractament no s\u2019ajusta a la normativa vigent.<\/p>\n\n<h3>Dades de contacte per exercir els seus drets:<\/h3>\n<p>Adre\u00e7a postal: April 21 real estate, S.L. Carrer de la Riera Principal 46, 08328 \u2013 Alella Barcelona<br>Adre\u00e7a electr\u00f2nica: info@cire-barcelona.com<\/p>\n\n<h2>2. CAR\u00c0CTER OBLIGATORI O FACULTATIU DE LA INFORMACI\u00d3 FACILITADA PER L\u2019USUARI<\/h2>\n<p>Els USUARIS, mitjan\u00e7ant el marcatge de les caselles corresponents i la introducci\u00f3 de dades als camps, marcats amb un asterisc (*) al formulari de contacte o presentats en formularis de desc\u00e0rrega, accepten expressament i de manera lliure i inequ\u00edvoca que les seves dades s\u00f3n necess\u00e0ries per atendre la seva petici\u00f3 per part del prestador, i \u00e9s volunt\u00e0ria la inclusi\u00f3 de dades als camps restants. L\u2019USUARI garanteix que les dades personals facilitades al RESPONSABLE s\u00f3n veraces i es fa responsable de comunicar qualsevol modificaci\u00f3 d\u2019aquestes. <\/p>\n<p>El RESPONSABLE informa que totes les dades sol\u00b7licitades a trav\u00e9s del lloc web s\u00f3n obligat\u00f2ries, ja que s\u00f3n necess\u00e0ries per a la prestaci\u00f3 d\u2019un servei \u00f2ptim a l\u2019USUARI. En cas que no es facilitin totes les dades, no es garanteix que la informaci\u00f3 i els serveis facilitats s\u2019ajustin completament a les seves necessitats. <\/p>\n\n<h2>3. MESURES DE SEGURETAT<\/h2>\n<p>Que, de conformitat amb el que disposen les normatives vigents en protecci\u00f3 de dades personals, el RESPONSABLE compleix totes les disposicions de les normatives GDPR i LOPDGDD per al tractament de les dades personals de la seva responsabilitat, i manifestament amb els principis descrits a l\u2019article 5 del GDPR, pels quals s\u00f3n tractades de manera l\u00edcita, lleial i transparent en relaci\u00f3 amb l\u2019interessat i adequades, pertinents i limitades al necessari en relaci\u00f3 amb les finalitats per a les quals s\u00f3n tractades.<\/p>\n<p>El RESPONSABLE garanteix que ha implementat pol\u00edtiques t\u00e8cniques i organitzatives apropiades per aplicar les mesures de seguretat que estableixen el GDPR i la LOPDGDD amb la finalitat de protegir els drets i llibertats dels USUARIS i els ha comunicat la informaci\u00f3 adequada perqu\u00e8 puguin exercir-los. Per a m\u00e9s informaci\u00f3 sobre les garanties de privacitat, podeu adre\u00e7ar-vos al RESPONSABLE a trav\u00e9s de <\/p>\n\n<h3>Dades de contacte per exercir els seus drets:<\/h3>\n<p>Adre\u00e7a postal: April 21 real estate, S.L. Carrer de la Riera Principal 46, 08328 \u2013 Alella Barcelona<br>Adre\u00e7a electr\u00f2nica: info@cire-barcelona.com<\/p><\/p>\t\t\t\t<\/div>\n\t\t\t\t\t<\/div>\n\t\t\t\t<\/div>\n\t\t\t\t<div class=\"elementor-element elementor-element-55518a9 e-con e-atomic-element e-flexbox-base\" data-id=\"55518a9\" data-element_type=\"e-flexbox\" data-e-type=\"e-flexbox\" data-interaction-id=\"55518a9\" data-e-type=\"e-flexbox\" data-id=\"55518a9\">\n\t\t\t\t<\/div>\n\t\t\t\t<\/div>\n\t\t","protected":false},"excerpt":{"rendered":"<p>Pol\u00edtica de privadesa 1. INFORMACI\u00d3 AL USUARI Qui \u00e9s el responsable del tractament de les teves dades personals? April 21 real estate, S.L. \u00e9s el RESPONSABLE del tractament de les dades personals de l\u2019USUARI i l\u2019informa que aquestes dades seran tractades de conformitat amb el que disposa el Reglament (UE) 2016\/679, de 27 d\u2019abril (GDPR), [&hellip;]<\/p>\n","protected":false},"author":1,"featured_media":0,"parent":0,"menu_order":0,"comment_status":"closed","ping_status":"closed","template":"","meta":{"_acf_changed":false,"footnotes":""},"class_list":["post-2576","page","type-page","status-publish","hentry"],"acf":[],"_links":{"self":[{"href":"https:\/\/christiesrealestate-barcelona.es\/ca\/wp-json\/wp\/v2\/pages\/2576","targetHints":{"allow":["GET"]}}],"collection":[{"href":"https:\/\/christiesrealestate-barcelona.es\/ca\/wp-json\/wp\/v2\/pages"}],"about":[{"href":"https:\/\/christiesrealestate-barcelona.es\/ca\/wp-json\/wp\/v2\/types\/page"}],"author":[{"embeddable":true,"href":"https:\/\/christiesrealestate-barcelona.es\/ca\/wp-json\/wp\/v2\/users\/1"}],"replies":[{"embeddable":true,"href":"https:\/\/christiesrealestate-barcelona.es\/ca\/wp-json\/wp\/v2\/comments?post=2576"}],"version-history":[{"count":3,"href":"https:\/\/christiesrealestate-barcelona.es\/ca\/wp-json\/wp\/v2\/pages\/2576\/revisions"}],"predecessor-version":[{"id":2638,"href":"https:\/\/christiesrealestate-barcelona.es\/ca\/wp-json\/wp\/v2\/pages\/2576\/revisions\/2638"}],"wp:attachment":[{"href":"https:\/\/christiesrealestate-barcelona.es\/ca\/wp-json\/wp\/v2\/media?parent=2576"}],"curies":[{"name":"wp","href":"https:\/\/api.w.org\/{rel}","templated":true}]}}